{"id":189,"date":"2025-12-30T13:56:19","date_gmt":"2025-12-30T10:56:19","guid":{"rendered":"https:\/\/www.ormandahayatvar.com\/?page_id=189"},"modified":"2026-01-02T11:45:24","modified_gmt":"2026-01-02T08:45:24","slug":"hakkimizda","status":"publish","type":"page","link":"https:\/\/www.ormandahayatvar.com\/index.php\/hakkimizda\/","title":{"rendered":"Hakk\u0131m\u0131zda"},"content":{"rendered":"\n<h3 class=\"wp-block-heading\"><strong>Ormanda Hayat Var Projesi<\/strong><\/h3>\n\n\n\n<p><\/p>\n\n\n\n<p><strong>Ormanda Hayat Var Projesi,<\/strong> insan\u0131 do\u011fa ile bulu\u015fturmay\u0131 ama\u00e7layan, rehberli bir orman y\u00fcr\u00fcy\u00fc\u015f\u00fc faaliyetidir.<\/p>\n\n\n\n<p>Bu proje, kolay uygulanabilir ve derin etkili bir do\u011fa temelli fark\u0131ndal\u0131k prati\u011fidir. Projenin temel hedefi; bireysel iyilik halini art\u0131rmak, toplumsal ba\u011flar\u0131 g\u00fc\u00e7lendirmek ve do\u011fayla ili\u015fkimizi yeniden canland\u0131rmakt\u0131r. Uygulama sade, s\u00fcrd\u00fcr\u00fclebilir ve etkileyicidir.<\/p>\n\n\n\n<p>G\u00fcn\u00fcm\u00fczde \u015fehir ya\u015fam\u0131n\u0131n getirdi\u011fi yo\u011fun stres, dijital ba\u011f\u0131ml\u0131l\u0131k ve do\u011fadan uzakla\u015fma, zihinsel ve ruhsal bozulmalara yol a\u00e7maktad\u0131r. Modern insan\u0131n yava\u015flamaya, sessizle\u015fmeye ve do\u011fayla ba\u011f kurmaya duydu\u011fu ihtiya\u00e7 artmaktad\u0131r. Bu ba\u011flamda, stresin azalmas\u0131, ba\u011f\u0131\u015f\u0131kl\u0131\u011f\u0131n g\u00fc\u00e7lenmesi ve duygusal iyilik halinin artmas\u0131 acil bir gereksinimdir.<\/p>\n\n\n\n<p>\u0130\u015fte bu ihtiyaca cevap veren <strong>&#8220;Ormanda Hayat Var&#8221;<\/strong>, kat\u0131l\u0131mc\u0131lar\u0131n do\u011fayla derin bir ba\u011f kurmas\u0131n\u0131, zihinsel dinginli\u011fi yakalayarak an\u2019da kalmas\u0131n\u0131 ve ruhsal-bedensel iyilik hallerini desteklemeyi ama\u00e7lar.<\/p>\n\n\n\n<p>Bu deneyim, rehberli ve yap\u0131land\u0131r\u0131lm\u0131\u015f bir <strong>&#8220;ormanda k\u0131sa s\u00fcreli etkinlik&#8221;<\/strong> format\u0131nda sunulur. Sessiz orman y\u00fcr\u00fcy\u00fc\u015f\u00fc, nefes ve fark\u0131ndal\u0131k egzersizleri ile kayna\u015fma gibi \u00f6\u011felerle zenginle\u015fen bu uygulama; stres azaltma, toplumsal ba\u011flar\u0131 g\u00fc\u00e7lendirme ve do\u011faya duyarl\u0131l\u0131k kazand\u0131rma gibi \u00e7ok y\u00f6nl\u00fc kazan\u0131mlar sa\u011flar.<\/p>\n\n\n\n<p>Proje, do\u011fa sever bireylerden kurum \u00e7al\u0131\u015fanlar\u0131na ve gen\u00e7lik gruplar\u0131ndan kad\u0131n &amp; erkek, gen\u00e7 &amp; ya\u015fl\u0131 bireylere kadar geni\u015f bir kat\u0131l\u0131mc\u0131 profiline hitap eder.<\/p>\n\n\n\n<p><strong>&#8220;Ormanda Hayat Var&#8221;<\/strong> Projesi, bireylere do\u011fayla sa\u011fl\u0131kl\u0131 bir temas zemini sunarak hem ki\u015fisel d\u00f6n\u00fc\u015f\u00fcme katk\u0131 sa\u011flamay\u0131 hem de toplumsal \u00f6l\u00e7ekte daha duyarl\u0131, fark\u0131nda ve dingin bireylerin \u00e7o\u011falmas\u0131na arac\u0131l\u0131k etmeyi hedeflemektedir.<\/p>\n\n\n\n<p><\/p>\n","protected":false},"excerpt":{"rendered":"<p>Ormanda Hayat Var Projesi Ormanda Hayat Var Projesi, insan\u0131 do\u011fa ile bulu\u015fturmay\u0131 ama\u00e7layan, rehberli bir orman y\u00fcr\u00fcy\u00fc\u015f\u00fc faaliyetidir. Bu proje, kolay uygulanabilir ve derin etkili bir do\u011fa temelli fark\u0131ndal\u0131k prati\u011fidir. [&hellip;]<\/p>\n","protected":false},"author":1,"featured_media":0,"parent":0,"menu_order":0,"comment_status":"closed","ping_status":"closed","template":"","meta":{"ngg_post_thumbnail":0,"_price":"","_stock":"","_tribe_ticket_header":"","_tribe_default_ticket_provider":"","_tribe_ticket_capacity":"0","_ticket_start_date":"","_ticket_end_date":"","_tribe_ticket_show_description":"","_tribe_ticket_show_not_going":false,"_tribe_ticket_use_global_stock":"","_tribe_ticket_global_stock_level":"","_global_stock_mode":"","_global_stock_cap":"","_tribe_rsvp_for_event":"","_tribe_ticket_going_count":"","_tribe_ticket_not_going_count":"","_tribe_tickets_list":"[]","_tribe_ticket_has_attendee_info_fields":false,"footnotes":"","_tec_slr_enabled":"","_tec_slr_layout":""},"class_list":["post-189","page","type-page","status-publish","hentry"],"ticketed":false,"_links":{"self":[{"href":"https:\/\/www.ormandahayatvar.com\/index.php\/wp-json\/wp\/v2\/pages\/189","targetHints":{"allow":["GET"]}}],"collection":[{"href":"https:\/\/www.ormandahayatvar.com\/index.php\/wp-json\/wp\/v2\/pages"}],"about":[{"href":"https:\/\/www.ormandahayatvar.com\/index.php\/wp-json\/wp\/v2\/types\/page"}],"author":[{"embeddable":true,"href":"https:\/\/www.ormandahayatvar.com\/index.php\/wp-json\/wp\/v2\/users\/1"}],"replies":[{"embeddable":true,"href":"https:\/\/www.ormandahayatvar.com\/index.php\/wp-json\/wp\/v2\/comments?post=189"}],"version-history":[{"count":5,"href":"https:\/\/www.ormandahayatvar.com\/index.php\/wp-json\/wp\/v2\/pages\/189\/revisions"}],"predecessor-version":[{"id":397,"href":"https:\/\/www.ormandahayatvar.com\/index.php\/wp-json\/wp\/v2\/pages\/189\/revisions\/397"}],"wp:attachment":[{"href":"https:\/\/www.ormandahayatvar.com\/index.php\/wp-json\/wp\/v2\/media?parent=189"}],"curies":[{"name":"wp","href":"https:\/\/api.w.org\/{rel}","templated":true}]}}