{"id":128,"date":"2025-12-30T11:21:59","date_gmt":"2025-12-30T08:21:59","guid":{"rendered":"https:\/\/www.ormandahayatvar.com\/?page_id=128"},"modified":"2026-01-01T13:07:41","modified_gmt":"2026-01-01T10:07:41","slug":"ormanda-hayat-nedir","status":"publish","type":"page","link":"https:\/\/www.ormandahayatvar.com\/index.php\/ormanda-hayat-nedir\/","title":{"rendered":"Ormanda Hayat Var Projesi Nedir?"},"content":{"rendered":"\n<h2 class=\"wp-block-heading\"><\/h2>\n\n\n\n<p><strong>\u201cOrmanda Hayat Var\u201d projesi<\/strong>, modern ya\u015fam\u0131n getirdi\u011fi yo\u011fun stres, dijital ba\u011f\u0131ml\u0131l\u0131k ve do\u011fadan uzakla\u015fman\u0131n neden oldu\u011fu zihinsel yorgunlu\u011fa bir yan\u0131t olarak tasarlanm\u0131\u015ft\u0131r. Bu rehberli ve yap\u0131land\u0131r\u0131lm\u0131\u015f k\u0131sa s\u00fcreli orman etkinli\u011fi, <strong>kad\u0131n-erkek, gen\u00e7-ya\u015fl\u0131 her ya\u015ftan bireyi<\/strong> do\u011fa ile bulu\u015fturmay\u0131 ama\u00e7lar.<\/p>\n\n\n\n<p>Kolay uygulanabilir ve derin etkili bu do\u011fa temelli fark\u0131ndal\u0131k prati\u011fi ile kat\u0131l\u0131mc\u0131lar\u0131n; do\u011fayla derin bir duygusal ba\u011f kurmas\u0131, zihinsel olarak yava\u015flayarak dinginli\u011fi yakalamas\u0131, \u201can\u201dda kalarak stres seviyelerini azaltmas\u0131 ve ruhsal-bedensel iyilik hallerini desteklemesi hedeflenmektedir.<\/p>\n\n\n\n<p>Etkinli\u011fin i\u00e7eri\u011fi; sessiz orman y\u00fcr\u00fcy\u00fc\u015f\u00fc, nefes ve fark\u0131ndal\u0131k egzersizleri ile ormanla b\u00fct\u00fcnle\u015fme uygulamalar\u0131n\u0131 kapsar. <strong>Kad\u0131nlardan erkeklere, gen\u00e7lerden ileri ya\u015f gruplar\u0131na kadar geni\u015f bir kat\u0131l\u0131mc\u0131 profiline hitap eden<\/strong> bu proje, ki\u015fisel d\u00f6n\u00fc\u015f\u00fcme katk\u0131 sa\u011flayarak daha duyarl\u0131 bireylerin \u00e7o\u011falmas\u0131na arac\u0131l\u0131k etme vizyonuyla ormanl\u0131k alanlarda periyodik veya gezici bi\u00e7imde uygulanmaktad\u0131r.<\/p>\n","protected":false},"excerpt":{"rendered":"<p>\u201cOrmanda Hayat Var\u201d projesi, modern ya\u015fam\u0131n getirdi\u011fi yo\u011fun stres, dijital ba\u011f\u0131ml\u0131l\u0131k ve do\u011fadan uzakla\u015fman\u0131n neden oldu\u011fu zihinsel yorgunlu\u011fa bir yan\u0131t olarak tasarlanm\u0131\u015ft\u0131r. Bu rehberli ve yap\u0131land\u0131r\u0131lm\u0131\u015f k\u0131sa s\u00fcreli orman etkinli\u011fi, [&hellip;]<\/p>\n","protected":false},"author":1,"featured_media":0,"parent":0,"menu_order":0,"comment_status":"closed","ping_status":"closed","template":"","meta":{"ngg_post_thumbnail":0,"_price":"","_stock":"","_tribe_ticket_header":"","_tribe_default_ticket_provider":"","_tribe_ticket_capacity":"0","_ticket_start_date":"","_ticket_end_date":"","_tribe_ticket_show_description":"","_tribe_ticket_show_not_going":false,"_tribe_ticket_use_global_stock":"","_tribe_ticket_global_stock_level":"","_global_stock_mode":"","_global_stock_cap":"","_tribe_rsvp_for_event":"","_tribe_ticket_going_count":"","_tribe_ticket_not_going_count":"","_tribe_tickets_list":"[]","_tribe_ticket_has_attendee_info_fields":false,"footnotes":"","_tec_slr_enabled":"","_tec_slr_layout":""},"class_list":["post-128","page","type-page","status-publish","hentry"],"ticketed":false,"_links":{"self":[{"href":"https:\/\/www.ormandahayatvar.com\/index.php\/wp-json\/wp\/v2\/pages\/128","targetHints":{"allow":["GET"]}}],"collection":[{"href":"https:\/\/www.ormandahayatvar.com\/index.php\/wp-json\/wp\/v2\/pages"}],"about":[{"href":"https:\/\/www.ormandahayatvar.com\/index.php\/wp-json\/wp\/v2\/types\/page"}],"author":[{"embeddable":true,"href":"https:\/\/www.ormandahayatvar.com\/index.php\/wp-json\/wp\/v2\/users\/1"}],"replies":[{"embeddable":true,"href":"https:\/\/www.ormandahayatvar.com\/index.php\/wp-json\/wp\/v2\/comments?post=128"}],"version-history":[{"count":3,"href":"https:\/\/www.ormandahayatvar.com\/index.php\/wp-json\/wp\/v2\/pages\/128\/revisions"}],"predecessor-version":[{"id":359,"href":"https:\/\/www.ormandahayatvar.com\/index.php\/wp-json\/wp\/v2\/pages\/128\/revisions\/359"}],"wp:attachment":[{"href":"https:\/\/www.ormandahayatvar.com\/index.php\/wp-json\/wp\/v2\/media?parent=128"}],"curies":[{"name":"wp","href":"https:\/\/api.w.org\/{rel}","templated":true}]}}